{"id":2,"date":"2023-07-16T12:08:25","date_gmt":"2023-07-16T10:08:25","guid":{"rendered":"http:\/\/mammamia.coffee\/?page_id=2"},"modified":"2023-12-12T04:25:45","modified_gmt":"2023-12-12T03:25:45","slug":"page-d-exemple","status":"publish","type":"page","link":"https:\/\/mammamia.coffee\/?page_id=2","title":{"rendered":"Le concept"},"content":{"rendered":"\n<p>Un caf\u00e9 poussette est un endroit con\u00e7u sp\u00e9cialement pour accueillir les parents avec leurs jeunes enfants, en particulier ceux qui se d\u00e9placent avec une poussette. Ces caf\u00e9s offrent un environnement convivial et adapt\u00e9 aux besoins des parents, avec des \u00e9quipements comme des tables \u00e0 langer, des chaises hautes, et  m\u00eame des aires de jeux pour les enfants. Ils visent \u00e0 cr\u00e9er un espace accueillant o\u00f9 les parents peuvent se d\u00e9tendre, socialiser et prendre un caf\u00e9 tout en prenant soin de leurs enfants, dans un cadre adapt\u00e9 et pratique pour vous.<\/p>\n","protected":false},"excerpt":{"rendered":"<p>Un caf\u00e9 poussette est un endroit con\u00e7u sp\u00e9cialement pour accueillir les parents avec leurs jeunes enfants, en particulier ceux qui se d\u00e9placent avec une poussette. Ces caf\u00e9s offrent un environnement convivial et adapt\u00e9 aux besoins des parents, avec des \u00e9quipements comme des tables \u00e0 langer, des chaises hautes, et m\u00eame des aires de jeux pour les enfants. Ils visent \u00e0 cr\u00e9er un espace accueillant o\u00f9 les parents peuvent se d\u00e9tendre, socialiser et prendre un caf\u00e9 tout en prenant soin de leurs enfants, dans un cadre adapt\u00e9 et pratique pour vous.<\/p>\n","protected":false},"author":1,"featured_media":0,"parent":0,"menu_order":0,"comment_status":"closed","ping_status":"open","template":"","meta":{"om_disable_all_campaigns":false,"_monsterinsights_skip_tracking":false,"_monsterinsights_sitenote_active":false,"_monsterinsights_sitenote_note":"","_monsterinsights_sitenote_category":0,"footnotes":""},"class_list":["post-2","page","type-page","status-publish","hentry"],"aioseo_notices":[],"_links":{"self":[{"href":"https:\/\/mammamia.coffee\/index.php?rest_route=\/wp\/v2\/pages\/2","targetHints":{"allow":["GET"]}}],"collection":[{"href":"https:\/\/mammamia.coffee\/index.php?rest_route=\/wp\/v2\/pages"}],"about":[{"href":"https:\/\/mammamia.coffee\/index.php?rest_route=\/wp\/v2\/types\/page"}],"author":[{"embeddable":true,"href":"https:\/\/mammamia.coffee\/index.php?rest_route=\/wp\/v2\/users\/1"}],"replies":[{"embeddable":true,"href":"https:\/\/mammamia.coffee\/index.php?rest_route=%2Fwp%2Fv2%2Fcomments&post=2"}],"version-history":[{"count":2,"href":"https:\/\/mammamia.coffee\/index.php?rest_route=\/wp\/v2\/pages\/2\/revisions"}],"predecessor-version":[{"id":65,"href":"https:\/\/mammamia.coffee\/index.php?rest_route=\/wp\/v2\/pages\/2\/revisions\/65"}],"wp:attachment":[{"href":"https:\/\/mammamia.coffee\/index.php?rest_route=%2Fwp%2Fv2%2Fmedia&parent=2"}],"curies":[{"name":"wp","href":"https:\/\/api.w.org\/{rel}","templated":true}]}}